{"id":700,"date":"2025-06-03T16:22:28","date_gmt":"2025-06-03T16:22:28","guid":{"rendered":"https:\/\/trustandflow.de\/?page_id=700"},"modified":"2025-06-03T16:34:10","modified_gmt":"2025-06-03T16:34:10","slug":"datenschutzerklaerung","status":"publish","type":"page","link":"https:\/\/trustandflow.de\/?page_id=700","title":{"rendered":"Datenschutzerkl\u00e4rung"},"content":{"rendered":"\t\t<div data-elementor-type=\"wp-page\" data-elementor-id=\"700\" class=\"elementor elementor-700\" data-elementor-post-type=\"page\">\n\t\t\t\t<div class=\"elementor-element elementor-element-7a0a792 e-flex e-con-boxed e-con e-parent\" data-id=\"7a0a792\" data-element_type=\"container\" data-e-type=\"container\">\n\t\t\t\t\t<div class=\"e-con-inner\">\n\t\t\t\t<div class=\"elementor-element elementor-element-8000d87 elementor-widget elementor-widget-heading\" data-id=\"8000d87\" data-element_type=\"widget\" data-e-type=\"widget\" data-widget_type=\"heading.default\">\n\t\t\t\t<div class=\"elementor-widget-container\">\n\t\t\t\t\t<h2 class=\"elementor-heading-title elementor-size-default\">Datenschutzerkl\u00e4rung<\/h2>\t\t\t\t<\/div>\n\t\t\t\t<\/div>\n\t\t\t\t<div class=\"elementor-element elementor-element-62bf782 elementor-align-center elementor-widget elementor-widget-button\" data-id=\"62bf782\" data-element_type=\"widget\" data-e-type=\"widget\" data-widget_type=\"button.default\">\n\t\t\t\t<div class=\"elementor-widget-container\">\n\t\t\t\t\t\t\t\t\t<div class=\"elementor-button-wrapper\">\n\t\t\t\t\t<a class=\"elementor-button elementor-button-link elementor-size-sm elementor-animation-grow\" href=\"https:\/\/trustandflow.de\/\" id=\"DAT-START\">\n\t\t\t\t\t\t<span class=\"elementor-button-content-wrapper\">\n\t\t\t\t\t\t\t\t\t<span class=\"elementor-button-text\">Zur\u00fcck zur Startseite<\/span>\n\t\t\t\t\t<\/span>\n\t\t\t\t\t<\/a>\n\t\t\t\t<\/div>\n\t\t\t\t\t\t\t\t<\/div>\n\t\t\t\t<\/div>\n\t\t\t\t<div class=\"elementor-element elementor-element-e591009 elementor-widget elementor-widget-text-editor\" data-id=\"e591009\" data-element_type=\"widget\" data-e-type=\"widget\" data-widget_type=\"text-editor.default\">\n\t\t\t\t<div class=\"elementor-widget-container\">\n\t\t\t\t\t\t\t\t\t<p data-start=\"170\" data-end=\"241\"><strong data-start=\"197\" data-end=\"216\">Trustandflow.de<\/strong><br data-start=\"216\" data-end=\"219\" \/>Inhaberin: Brigit Krey<\/p><p data-start=\"243\" data-end=\"496\">Der Schutz Ihrer pers\u00f6nlichen Daten ist uns ein wichtiges Anliegen. Diese Webseite dient ausschlie\u00dflich der Pr\u00e4sentation und verwendet keine Formulare, Kommentarfunktionen oder andere interaktive Elemente, \u00fcber die personenbezogene Daten erhoben werden.<\/p><h3 data-start=\"498\" data-end=\"529\">1. Verantwortliche Stelle<\/h3><p data-start=\"530\" data-end=\"686\">Verantwortlich f\u00fcr die Datenverarbeitung auf dieser Website ist:<br data-start=\"594\" data-end=\"597\" \/><strong data-start=\"597\" data-end=\"612\">Brigit Krey<\/strong><br data-start=\"612\" data-end=\"615\" \/>E-Mail: [bitte E-Mail-Adresse erg\u00e4nzen]<br data-start=\"654\" data-end=\"657\" \/>Webseite: <a class=\"\" href=\"http:\/\/www.trustandflow.de\" target=\"_new\" rel=\"noopener\" data-start=\"667\" data-end=\"686\">www.trustandflow.de<\/a><\/p><h3 data-start=\"688\" data-end=\"745\">2. Erhebung und Speicherung personenbezogener Daten<\/h3><p data-start=\"746\" data-end=\"881\">Beim Besuch dieser Webseite werden durch den Webserver automatisch Informationen erfasst, die Ihr Browser \u00fcbermittelt. Dies sind z.\u202fB.:<\/p><ul data-start=\"883\" data-end=\"1046\"><li data-start=\"883\" data-end=\"916\"><p data-start=\"885\" data-end=\"916\">Browsertyp und Browserversion<\/p><\/li><li data-start=\"917\" data-end=\"947\"><p data-start=\"919\" data-end=\"947\">Verwendetes Betriebssystem<\/p><\/li><li data-start=\"948\" data-end=\"964\"><p data-start=\"950\" data-end=\"964\">Referrer URL<\/p><\/li><li data-start=\"965\" data-end=\"1003\"><p data-start=\"967\" data-end=\"1003\">Hostname des zugreifenden Rechners<\/p><\/li><li data-start=\"1004\" data-end=\"1033\"><p data-start=\"1006\" data-end=\"1033\">Uhrzeit der Serveranfrage<\/p><\/li><li data-start=\"1034\" data-end=\"1046\"><p data-start=\"1036\" data-end=\"1046\">IP-Adresse<\/p><\/li><\/ul><p data-start=\"1048\" data-end=\"1227\">Diese Daten werden nicht verwendet, um R\u00fcckschl\u00fcsse auf Ihre Person zu ziehen, sondern dienen ausschlie\u00dflich der technischen Bereitstellung und der Betriebssicherheit der Website.<\/p><h3 data-start=\"1229\" data-end=\"1245\">3. Cookies<\/h3><p data-start=\"1246\" data-end=\"1386\">Nach aktuellem Stand werden auf dieser Website keine Cookies eingesetzt, die personenbezogene Daten speichern oder ein Tracking erm\u00f6glichen.<\/p><h3 data-start=\"1388\" data-end=\"1412\">4. SEO-Optimierung<\/h3><p data-start=\"1413\" data-end=\"1597\">Zur Suchmaschinenoptimierung wird das Plugin \u201eYoast SEO\u201c eingesetzt. Dieses arbeitet lokal auf dem Server und verarbeitet keine personenbezogenen Daten von Besucherinnen und Besuchern.<\/p><h3 data-start=\"1599\" data-end=\"1628\">5. Weitergabe von Daten<\/h3><p data-start=\"1629\" data-end=\"1697\">Es erfolgt keine Weitergabe Ihrer personenbezogenen Daten an Dritte.<\/p><h3 data-start=\"1699\" data-end=\"1719\">6. Ihre Rechte<\/h3><p data-start=\"1720\" data-end=\"1938\">Sie haben das Recht auf Auskunft \u00fcber Ihre gespeicherten personenbezogenen Daten sowie auf Berichtigung, L\u00f6schung oder Einschr\u00e4nkung der Verarbeitung. Bitte wenden Sie sich dazu per E-Mail an die oben genannte Adresse.<\/p><h3 data-start=\"1940\" data-end=\"1982\">7. \u00c4nderung der Datenschutzerkl\u00e4rung<\/h3><p data-start=\"1983\" data-end=\"2126\">Diese Datenschutzerkl\u00e4rung wird bei Bedarf aktualisiert, um rechtlichen Anforderungen oder \u00c4nderungen im Betrieb der Website gerecht zu werden.<\/p>\t\t\t\t\t\t\t\t<\/div>\n\t\t\t\t<\/div>\n\t\t\t\t\t<\/div>\n\t\t\t\t<\/div>\n\t\t\t\t<\/div>\n\t\t","protected":false},"excerpt":{"rendered":"<p>Datenschutzerkl\u00e4rung Zur\u00fcck zur Startseite Trustandflow.deInhaberin: Brigit Krey Der Schutz Ihrer pers\u00f6nlichen Daten ist uns ein wichtiges Anliegen. Diese Webseite dient ausschlie\u00dflich der Pr\u00e4sentation und verwendet keine Formulare, Kommentarfunktionen oder andere interaktive Elemente, \u00fcber die personenbezogene Daten erhoben werden. 1. Verantwortliche Stelle Verantwortlich f\u00fcr die Datenverarbeitung auf dieser Website ist:Brigit KreyE-Mail: [bitte E-Mail-Adresse erg\u00e4nzen]Webseite: www.trustandflow.de 2. [&hellip;]<\/p>\n","protected":false},"author":1,"featured_media":0,"parent":0,"menu_order":0,"comment_status":"closed","ping_status":"closed","template":"elementor_canvas","meta":{"footnotes":""},"class_list":["post-700","page","type-page","status-publish","hentry"],"yoast_head":"<!-- This site is optimized with the Yoast SEO plugin v27.5 - https:\/\/yoast.com\/product\/yoast-seo-wordpress\/ -->\n<title>Datenschutzerkl\u00e4rung - Trust &amp; Flow<\/title>\n<meta name=\"robots\" content=\"index, follow, max-snippet:-1, max-image-preview:large, max-video-preview:-1\" \/>\n<link rel=\"canonical\" href=\"https:\/\/trustandflow.de\/?page_id=700\" \/>\n<meta property=\"og:locale\" content=\"de_DE\" \/>\n<meta property=\"og:type\" content=\"article\" \/>\n<meta property=\"og:title\" content=\"Datenschutzerkl\u00e4rung - Trust &amp; Flow\" \/>\n<meta property=\"og:description\" content=\"Datenschutzerkl\u00e4rung Zur\u00fcck zur Startseite Trustandflow.deInhaberin: Brigit Krey Der Schutz Ihrer pers\u00f6nlichen Daten ist uns ein wichtiges Anliegen. Diese Webseite dient ausschlie\u00dflich der Pr\u00e4sentation und verwendet keine Formulare, Kommentarfunktionen oder andere interaktive Elemente, \u00fcber die personenbezogene Daten erhoben werden. 1. Verantwortliche Stelle Verantwortlich f\u00fcr die Datenverarbeitung auf dieser Website ist:Brigit KreyE-Mail: [bitte E-Mail-Adresse erg\u00e4nzen]Webseite: www.trustandflow.de 2. [&hellip;]\" \/>\n<meta property=\"og:url\" content=\"https:\/\/trustandflow.de\/?page_id=700\" \/>\n<meta property=\"og:site_name\" content=\"Trust &amp; Flow\" \/>\n<meta property=\"article:modified_time\" content=\"2025-06-03T16:34:10+00:00\" \/>\n<meta name=\"twitter:card\" content=\"summary_large_image\" \/>\n<meta name=\"twitter:label1\" content=\"Gesch\u00e4tzte Lesezeit\" \/>\n\t<meta name=\"twitter:data1\" content=\"2\u00a0Minuten\" \/>\n<script type=\"application\/ld+json\" class=\"yoast-schema-graph\">{\"@context\":\"https:\\\/\\\/schema.org\",\"@graph\":[{\"@type\":\"WebPage\",\"@id\":\"https:\\\/\\\/trustandflow.de\\\/?page_id=700\",\"url\":\"https:\\\/\\\/trustandflow.de\\\/?page_id=700\",\"name\":\"Datenschutzerkl\u00e4rung - Trust &amp; Flow\",\"isPartOf\":{\"@id\":\"https:\\\/\\\/trustandflow.de\\\/#website\"},\"datePublished\":\"2025-06-03T16:22:28+00:00\",\"dateModified\":\"2025-06-03T16:34:10+00:00\",\"breadcrumb\":{\"@id\":\"https:\\\/\\\/trustandflow.de\\\/?page_id=700#breadcrumb\"},\"inLanguage\":\"de\",\"potentialAction\":[{\"@type\":\"ReadAction\",\"target\":[\"https:\\\/\\\/trustandflow.de\\\/?page_id=700\"]}]},{\"@type\":\"BreadcrumbList\",\"@id\":\"https:\\\/\\\/trustandflow.de\\\/?page_id=700#breadcrumb\",\"itemListElement\":[{\"@type\":\"ListItem\",\"position\":1,\"name\":\"Startseite\",\"item\":\"https:\\\/\\\/trustandflow.de\\\/\"},{\"@type\":\"ListItem\",\"position\":2,\"name\":\"Datenschutzerkl\u00e4rung\"}]},{\"@type\":\"WebSite\",\"@id\":\"https:\\\/\\\/trustandflow.de\\\/#website\",\"url\":\"https:\\\/\\\/trustandflow.de\\\/\",\"name\":\"Trust &amp; Flow\",\"description\":\"Energetische Wirbels&auml;ulenaufrichtung\",\"potentialAction\":[{\"@type\":\"SearchAction\",\"target\":{\"@type\":\"EntryPoint\",\"urlTemplate\":\"https:\\\/\\\/trustandflow.de\\\/?s={search_term_string}\"},\"query-input\":{\"@type\":\"PropertyValueSpecification\",\"valueRequired\":true,\"valueName\":\"search_term_string\"}}],\"inLanguage\":\"de\"}]}<\/script>\n<!-- \/ Yoast SEO plugin. -->","yoast_head_json":{"title":"Datenschutzerkl\u00e4rung - Trust &amp; Flow","robots":{"index":"index","follow":"follow","max-snippet":"max-snippet:-1","max-image-preview":"max-image-preview:large","max-video-preview":"max-video-preview:-1"},"canonical":"https:\/\/trustandflow.de\/?page_id=700","og_locale":"de_DE","og_type":"article","og_title":"Datenschutzerkl\u00e4rung - Trust &amp; Flow","og_description":"Datenschutzerkl\u00e4rung Zur\u00fcck zur Startseite Trustandflow.deInhaberin: Brigit Krey Der Schutz Ihrer pers\u00f6nlichen Daten ist uns ein wichtiges Anliegen. Diese Webseite dient ausschlie\u00dflich der Pr\u00e4sentation und verwendet keine Formulare, Kommentarfunktionen oder andere interaktive Elemente, \u00fcber die personenbezogene Daten erhoben werden. 1. Verantwortliche Stelle Verantwortlich f\u00fcr die Datenverarbeitung auf dieser Website ist:Brigit KreyE-Mail: [bitte E-Mail-Adresse erg\u00e4nzen]Webseite: www.trustandflow.de 2. [&hellip;]","og_url":"https:\/\/trustandflow.de\/?page_id=700","og_site_name":"Trust &amp; Flow","article_modified_time":"2025-06-03T16:34:10+00:00","twitter_card":"summary_large_image","twitter_misc":{"Gesch\u00e4tzte Lesezeit":"2\u00a0Minuten"},"schema":{"@context":"https:\/\/schema.org","@graph":[{"@type":"WebPage","@id":"https:\/\/trustandflow.de\/?page_id=700","url":"https:\/\/trustandflow.de\/?page_id=700","name":"Datenschutzerkl\u00e4rung - Trust &amp; Flow","isPartOf":{"@id":"https:\/\/trustandflow.de\/#website"},"datePublished":"2025-06-03T16:22:28+00:00","dateModified":"2025-06-03T16:34:10+00:00","breadcrumb":{"@id":"https:\/\/trustandflow.de\/?page_id=700#breadcrumb"},"inLanguage":"de","potentialAction":[{"@type":"ReadAction","target":["https:\/\/trustandflow.de\/?page_id=700"]}]},{"@type":"BreadcrumbList","@id":"https:\/\/trustandflow.de\/?page_id=700#breadcrumb","itemListElement":[{"@type":"ListItem","position":1,"name":"Startseite","item":"https:\/\/trustandflow.de\/"},{"@type":"ListItem","position":2,"name":"Datenschutzerkl\u00e4rung"}]},{"@type":"WebSite","@id":"https:\/\/trustandflow.de\/#website","url":"https:\/\/trustandflow.de\/","name":"Trust &amp; Flow","description":"Energetische Wirbels&auml;ulenaufrichtung","potentialAction":[{"@type":"SearchAction","target":{"@type":"EntryPoint","urlTemplate":"https:\/\/trustandflow.de\/?s={search_term_string}"},"query-input":{"@type":"PropertyValueSpecification","valueRequired":true,"valueName":"search_term_string"}}],"inLanguage":"de"}]}},"_links":{"self":[{"href":"https:\/\/trustandflow.de\/index.php?rest_route=\/wp\/v2\/pages\/700","targetHints":{"allow":["GET"]}}],"collection":[{"href":"https:\/\/trustandflow.de\/index.php?rest_route=\/wp\/v2\/pages"}],"about":[{"href":"https:\/\/trustandflow.de\/index.php?rest_route=\/wp\/v2\/types\/page"}],"author":[{"embeddable":true,"href":"https:\/\/trustandflow.de\/index.php?rest_route=\/wp\/v2\/users\/1"}],"replies":[{"embeddable":true,"href":"https:\/\/trustandflow.de\/index.php?rest_route=%2Fwp%2Fv2%2Fcomments&post=700"}],"version-history":[{"count":10,"href":"https:\/\/trustandflow.de\/index.php?rest_route=\/wp\/v2\/pages\/700\/revisions"}],"predecessor-version":[{"id":711,"href":"https:\/\/trustandflow.de\/index.php?rest_route=\/wp\/v2\/pages\/700\/revisions\/711"}],"wp:attachment":[{"href":"https:\/\/trustandflow.de\/index.php?rest_route=%2Fwp%2Fv2%2Fmedia&parent=700"}],"curies":[{"name":"wp","href":"https:\/\/api.w.org\/{rel}","templated":true}]}}